{"id":790,"date":"2023-11-28T15:47:00","date_gmt":"2023-11-28T14:47:00","guid":{"rendered":"https:\/\/panicault.com\/?page_id=790"},"modified":"2023-11-28T16:20:07","modified_gmt":"2023-11-28T15:20:07","slug":"mentions-legales","status":"publish","type":"page","link":"https:\/\/panicault.com\/?page_id=790","title":{"rendered":"mentions l\u00e9gales"},"content":{"rendered":"\n<div class=\"wp-block-group is-vertical is-content-justification-center is-layout-flex wp-container-core-group-is-layout-ce155fab wp-block-group-is-layout-flex\">\n<h1 class=\"wp-block-heading\">Mentions l\u00e9gales<\/h1>\n\n\n\n<div style=\"height:40px\" aria-hidden=\"true\" class=\"wp-block-spacer wp-container-content-28f0cd9b\"><\/div>\n\n\n\n<p class=\"has-text-align-center\">St\u00e9phane Allagnon \u2013 EI<\/p>\n\n\n\n<p>Siret 432537314 00036<\/p>\n\n\n\n<p class=\"has-text-align-center\">agissant \u00e9galement sous le nom de \u00ab\u00a0Panicault\u00a0\u00bb pour ses activit\u00e9s graphiques et de webdesign<\/p>\n\n\n\n<p class=\"has-text-align-center\">7 rue d\u2019Artois \u2013 50430 Saint-Germain-sur-Ay<\/p>\n\n\n\n<p class=\"has-text-align-center\"><a href=\"mailto:contact@panicault.com\" target=\"_blank\" rel=\"noreferrer noopener\">contact@panicault.com<\/a>&nbsp;\/ tel 0608768660<\/p>\n\n\n\n<div style=\"height:0px\" aria-hidden=\"true\" class=\"wp-block-spacer wp-container-content-6388d5dc\"><\/div>\n\n\n\n<p><\/p>\n\n\n\n<p class=\"has-text-align-center\">site h\u00e9berg\u00e9 par Hostinger International Ltd.<br>61 Lordou Vironos Street<br>Larnaca 6023 \u2013 Chypre<\/p>\n\n\n\n<p class=\"has-text-align-center\"><a href=\"https:\/\/www.hostinger.fr\/contact\">https:\/\/www.hostinger.fr\/contact<\/a><\/p>\n\n\n\n<div style=\"height:150px\" aria-hidden=\"true\" class=\"wp-block-spacer wp-container-content-88a6062c\"><\/div>\n<\/div>\n","protected":false},"excerpt":{"rendered":"<p>Mentions l\u00e9gales St\u00e9phane Allagnon \u2013 EI Siret 432537314 00036 agissant \u00e9galement sous le nom de \u00ab\u00a0Panicault\u00a0\u00bb pour ses activit\u00e9s graphiques et de webdesign 7 rue d\u2019Artois \u2013 50430 Saint-Germain-sur-Ay contact@panicault.com&nbsp;\/ tel 0608768660 site h\u00e9berg\u00e9 par Hostinger International Ltd.61 Lordou Vironos StreetLarnaca 6023 \u2013 Chypre https:\/\/www.hostinger.fr\/contact<\/p>\n","protected":false},"author":1,"featured_media":0,"parent":0,"menu_order":0,"comment_status":"closed","ping_status":"closed","template":"","meta":{"footnotes":""},"class_list":["post-790","page","type-page","status-publish","hentry"],"yoast_head":"<!-- This site is optimized with the Yoast SEO plugin v27.1.1 - https:\/\/yoast.com\/product\/yoast-seo-wordpress\/ -->\n<title>mentions l\u00e9gales - panicault<\/title>\n<meta name=\"robots\" content=\"index, follow, max-snippet:-1, max-image-preview:large, max-video-preview:-1\" \/>\n<link rel=\"canonical\" href=\"https:\/\/panicault.com\/?page_id=790\" \/>\n<meta property=\"og:locale\" content=\"fr_FR\" \/>\n<meta property=\"og:type\" content=\"article\" \/>\n<meta property=\"og:title\" content=\"mentions l\u00e9gales - panicault\" \/>\n<meta property=\"og:description\" content=\"Mentions l\u00e9gales St\u00e9phane Allagnon \u2013 EI Siret 432537314 00036 agissant \u00e9galement sous le nom de \u00ab\u00a0Panicault\u00a0\u00bb pour ses activit\u00e9s graphiques et de webdesign 7 rue d\u2019Artois \u2013 50430 Saint-Germain-sur-Ay contact@panicault.com&nbsp;\/ tel 0608768660 site h\u00e9berg\u00e9 par Hostinger International Ltd.61 Lordou Vironos StreetLarnaca 6023 \u2013 Chypre https:\/\/www.hostinger.fr\/contact\" \/>\n<meta property=\"og:url\" content=\"https:\/\/panicault.com\/?page_id=790\" \/>\n<meta property=\"og:site_name\" content=\"panicault\" \/>\n<meta property=\"article:publisher\" content=\"https:\/\/www.facebook.com\/panicault\" \/>\n<meta property=\"article:modified_time\" content=\"2023-11-28T15:20:07+00:00\" \/>\n<meta name=\"twitter:card\" content=\"summary_large_image\" \/>\n<meta name=\"twitter:label1\" content=\"Dur\u00e9e de lecture estim\u00e9e\" \/>\n\t<meta name=\"twitter:data1\" content=\"1 minute\" \/>\n<script type=\"application\/ld+json\" class=\"yoast-schema-graph\">{\"@context\":\"https:\/\/schema.org\",\"@graph\":[{\"@type\":\"WebPage\",\"@id\":\"https:\/\/panicault.com\/?page_id=790\",\"url\":\"https:\/\/panicault.com\/?page_id=790\",\"name\":\"mentions l\u00e9gales - panicault\",\"isPartOf\":{\"@id\":\"https:\/\/panicault.com\/#website\"},\"datePublished\":\"2023-11-28T14:47:00+00:00\",\"dateModified\":\"2023-11-28T15:20:07+00:00\",\"breadcrumb\":{\"@id\":\"https:\/\/panicault.com\/?page_id=790#breadcrumb\"},\"inLanguage\":\"fr-FR\",\"potentialAction\":[{\"@type\":\"ReadAction\",\"target\":[\"https:\/\/panicault.com\/?page_id=790\"]}]},{\"@type\":\"BreadcrumbList\",\"@id\":\"https:\/\/panicault.com\/?page_id=790#breadcrumb\",\"itemListElement\":[{\"@type\":\"ListItem\",\"position\":1,\"name\":\"Accueil\",\"item\":\"https:\/\/panicault.com\/\"},{\"@type\":\"ListItem\",\"position\":2,\"name\":\"mentions l\u00e9gales\"}]},{\"@type\":\"WebSite\",\"@id\":\"https:\/\/panicault.com\/#website\",\"url\":\"https:\/\/panicault.com\/\",\"name\":\"panicault\",\"description\":\"agence digitale\",\"publisher\":{\"@id\":\"https:\/\/panicault.com\/#organization\"},\"potentialAction\":[{\"@type\":\"SearchAction\",\"target\":{\"@type\":\"EntryPoint\",\"urlTemplate\":\"https:\/\/panicault.com\/?s={search_term_string}\"},\"query-input\":{\"@type\":\"PropertyValueSpecification\",\"valueRequired\":true,\"valueName\":\"search_term_string\"}}],\"inLanguage\":\"fr-FR\"},{\"@type\":\"Organization\",\"@id\":\"https:\/\/panicault.com\/#organization\",\"name\":\"panicault\",\"url\":\"https:\/\/panicault.com\/\",\"logo\":{\"@type\":\"ImageObject\",\"inLanguage\":\"fr-FR\",\"@id\":\"https:\/\/panicault.com\/#\/schema\/logo\/image\/\",\"url\":\"https:\/\/panicault.com\/wp-content\/uploads\/2023\/11\/logo2023.png\",\"contentUrl\":\"https:\/\/panicault.com\/wp-content\/uploads\/2023\/11\/logo2023.png\",\"width\":912,\"height\":1113,\"caption\":\"panicault\"},\"image\":{\"@id\":\"https:\/\/panicault.com\/#\/schema\/logo\/image\/\"},\"sameAs\":[\"https:\/\/www.facebook.com\/panicault\"]}]}<\/script>\n<!-- \/ Yoast SEO plugin. -->","yoast_head_json":{"title":"mentions l\u00e9gales - panicault","robots":{"index":"index","follow":"follow","max-snippet":"max-snippet:-1","max-image-preview":"max-image-preview:large","max-video-preview":"max-video-preview:-1"},"canonical":"https:\/\/panicault.com\/?page_id=790","og_locale":"fr_FR","og_type":"article","og_title":"mentions l\u00e9gales - panicault","og_description":"Mentions l\u00e9gales St\u00e9phane Allagnon \u2013 EI Siret 432537314 00036 agissant \u00e9galement sous le nom de \u00ab\u00a0Panicault\u00a0\u00bb pour ses activit\u00e9s graphiques et de webdesign 7 rue d\u2019Artois \u2013 50430 Saint-Germain-sur-Ay contact@panicault.com&nbsp;\/ tel 0608768660 site h\u00e9berg\u00e9 par Hostinger International Ltd.61 Lordou Vironos StreetLarnaca 6023 \u2013 Chypre https:\/\/www.hostinger.fr\/contact","og_url":"https:\/\/panicault.com\/?page_id=790","og_site_name":"panicault","article_publisher":"https:\/\/www.facebook.com\/panicault","article_modified_time":"2023-11-28T15:20:07+00:00","twitter_card":"summary_large_image","twitter_misc":{"Dur\u00e9e de lecture estim\u00e9e":"1 minute"},"schema":{"@context":"https:\/\/schema.org","@graph":[{"@type":"WebPage","@id":"https:\/\/panicault.com\/?page_id=790","url":"https:\/\/panicault.com\/?page_id=790","name":"mentions l\u00e9gales - panicault","isPartOf":{"@id":"https:\/\/panicault.com\/#website"},"datePublished":"2023-11-28T14:47:00+00:00","dateModified":"2023-11-28T15:20:07+00:00","breadcrumb":{"@id":"https:\/\/panicault.com\/?page_id=790#breadcrumb"},"inLanguage":"fr-FR","potentialAction":[{"@type":"ReadAction","target":["https:\/\/panicault.com\/?page_id=790"]}]},{"@type":"BreadcrumbList","@id":"https:\/\/panicault.com\/?page_id=790#breadcrumb","itemListElement":[{"@type":"ListItem","position":1,"name":"Accueil","item":"https:\/\/panicault.com\/"},{"@type":"ListItem","position":2,"name":"mentions l\u00e9gales"}]},{"@type":"WebSite","@id":"https:\/\/panicault.com\/#website","url":"https:\/\/panicault.com\/","name":"panicault","description":"agence digitale","publisher":{"@id":"https:\/\/panicault.com\/#organization"},"potentialAction":[{"@type":"SearchAction","target":{"@type":"EntryPoint","urlTemplate":"https:\/\/panicault.com\/?s={search_term_string}"},"query-input":{"@type":"PropertyValueSpecification","valueRequired":true,"valueName":"search_term_string"}}],"inLanguage":"fr-FR"},{"@type":"Organization","@id":"https:\/\/panicault.com\/#organization","name":"panicault","url":"https:\/\/panicault.com\/","logo":{"@type":"ImageObject","inLanguage":"fr-FR","@id":"https:\/\/panicault.com\/#\/schema\/logo\/image\/","url":"https:\/\/panicault.com\/wp-content\/uploads\/2023\/11\/logo2023.png","contentUrl":"https:\/\/panicault.com\/wp-content\/uploads\/2023\/11\/logo2023.png","width":912,"height":1113,"caption":"panicault"},"image":{"@id":"https:\/\/panicault.com\/#\/schema\/logo\/image\/"},"sameAs":["https:\/\/www.facebook.com\/panicault"]}]}},"jetpack_sharing_enabled":true,"_links":{"self":[{"href":"https:\/\/panicault.com\/index.php?rest_route=\/wp\/v2\/pages\/790","targetHints":{"allow":["GET"]}}],"collection":[{"href":"https:\/\/panicault.com\/index.php?rest_route=\/wp\/v2\/pages"}],"about":[{"href":"https:\/\/panicault.com\/index.php?rest_route=\/wp\/v2\/types\/page"}],"author":[{"embeddable":true,"href":"https:\/\/panicault.com\/index.php?rest_route=\/wp\/v2\/users\/1"}],"replies":[{"embeddable":true,"href":"https:\/\/panicault.com\/index.php?rest_route=%2Fwp%2Fv2%2Fcomments&post=790"}],"version-history":[{"count":9,"href":"https:\/\/panicault.com\/index.php?rest_route=\/wp\/v2\/pages\/790\/revisions"}],"predecessor-version":[{"id":842,"href":"https:\/\/panicault.com\/index.php?rest_route=\/wp\/v2\/pages\/790\/revisions\/842"}],"wp:attachment":[{"href":"https:\/\/panicault.com\/index.php?rest_route=%2Fwp%2Fv2%2Fmedia&parent=790"}],"curies":[{"name":"wp","href":"https:\/\/api.w.org\/{rel}","templated":true}]}}